{"id":10,"date":"2017-01-17T19:01:38","date_gmt":"2017-01-17T18:01:38","guid":{"rendered":"http:\/\/mdgroup.com.pl\/?page_id=10"},"modified":"2017-02-19T17:43:38","modified_gmt":"2017-02-19T16:43:38","slug":"kontakt","status":"publish","type":"page","link":"https:\/\/mdgroup.com.pl\/?page_id=10&lang=pl","title":{"rendered":"Kontakt"},"content":{"rendered":"\n<div class=\"wpcf7 no-js\" id=\"wpcf7-f112-o1\" lang=\"pl-PL\" dir=\"ltr\" data-wpcf7-id=\"112\">\n<div class=\"screen-reader-response\"><p role=\"status\" aria-live=\"polite\" aria-atomic=\"true\"><\/p> <ul><\/ul><\/div>\n<form action=\"\/index.php?rest_route=%2Fwp%2Fv2%2Fpages%2F10#wpcf7-f112-o1\" method=\"post\" class=\"wpcf7-form init\" aria-label=\"Formularz kontaktowy\" novalidate=\"novalidate\" data-status=\"init\">\n<div style=\"display: none;\">\n<input type=\"hidden\" name=\"_wpcf7\" value=\"112\" \/>\n<input type=\"hidden\" name=\"_wpcf7_version\" value=\"6.0.4\" \/>\n<input type=\"hidden\" name=\"_wpcf7_locale\" value=\"pl_PL\" \/>\n<input type=\"hidden\" name=\"_wpcf7_unit_tag\" value=\"wpcf7-f112-o1\" \/>\n<input type=\"hidden\" name=\"_wpcf7_container_post\" value=\"0\" \/>\n<input type=\"hidden\" name=\"_wpcf7_posted_data_hash\" value=\"\" \/>\n<\/div>\n<div class=\"commentForm\">\n\t<div id=\"contactForm\">\n\t\t<div class=\"row\">\n\t\t\t<div class=\"col-lg-6 formmargin\">\n\t\t\t\t<p><span class=\"wpcf7-form-control-wrap\" data-name=\"danepersonalne\"><input size=\"40\" maxlength=\"400\" class=\"wpcf7-form-control wpcf7-text wpcf7-validates-as-required danepersonalne\" id=\"danepersonalne\" aria-required=\"true\" aria-invalid=\"false\" placeholder=\"Imi\u0119 i nazwisko \/ Firma *\" value=\"\" type=\"text\" name=\"danepersonalne\" \/><\/span><span class=\"wpcf7-form-control-wrap\" data-name=\"telefon\"><input size=\"40\" maxlength=\"400\" class=\"wpcf7-form-control wpcf7-tel wpcf7-validates-as-required wpcf7-text wpcf7-validates-as-tel telefon\" id=\"telefon\" aria-required=\"true\" aria-invalid=\"false\" placeholder=\"Telefon *\" value=\"\" type=\"tel\" name=\"telefon\" \/><\/span><span class=\"wpcf7-form-control-wrap\" data-name=\"adresemail\"><input size=\"40\" maxlength=\"400\" class=\"wpcf7-form-control wpcf7-email wpcf7-validates-as-required wpcf7-text wpcf7-validates-as-email adresemail\" id=\"adresemail\" aria-required=\"true\" aria-invalid=\"false\" placeholder=\"Adres email *\" value=\"\" type=\"email\" name=\"adresemail\" \/><\/span>\n\t\t\t\t<\/p>\n\t\t\t<\/div>\n\t\t\t<div class=\"col-lg-6\">\n\t\t\t\t<p><span class=\"wpcf7-form-control-wrap\" data-name=\"trescwiadomosci\"><textarea cols=\"40\" rows=\"10\" maxlength=\"2000\" class=\"wpcf7-form-control wpcf7-textarea wpcf7-validates-as-required trescwiadomosci\" id=\"trescwiadomosci\" aria-required=\"true\" aria-invalid=\"false\" placeholder=\"Tre\u015b\u0107 wiadomo\u015bci *\" name=\"trescwiadomosci\"><\/textarea><\/span>\n\t\t\t\t<\/p>\n\t\t\t<\/div>\n\t\t\t<div class=\"col-lg-12\" style=\"text-align:center;\">\n\t\t\t\t<p>[recaptcha]<br \/>\n<input class=\"wpcf7-form-control wpcf7-submit has-spinner blogReadmore\" id=\"blogReadmore\" type=\"submit\" value=\"Wy\u015blij wiadomo\u015b\u0107\" \/>\n\t\t\t\t<\/p>\n\t\t\t<\/div>\n\t\t<\/div>\n\t<\/div>\n<\/div><div class=\"wpcf7-response-output\" aria-hidden=\"true\"><\/div>\n<\/form>\n<\/div>\n\n","protected":false},"excerpt":{"rendered":"","protected":false},"author":1,"featured_media":0,"parent":0,"menu_order":0,"comment_status":"closed","ping_status":"closed","template":"page-contact.php","meta":{"footnotes":""},"class_list":["post-10","page","type-page","status-publish","hentry"],"yoast_head":"<!-- This site is optimized with the Yoast SEO plugin v24.5 - https:\/\/yoast.com\/wordpress\/plugins\/seo\/ -->\n<title>MD Group - profesjonalne pomoc i doradztwo \/ Kontakt<\/title>\n<meta name=\"description\" content=\"Masz pytania dotycz\u0105ce produkt\u00f3w lub naszych us\u0142ug? Fachowo doradzimy oraz udzielimy wszelkich niezb\u0119dnych informacji dotycz\u0105cych zakupu.\" \/>\n<meta name=\"robots\" content=\"index, follow, max-snippet:-1, max-image-preview:large, max-video-preview:-1\" \/>\n<link rel=\"canonical\" href=\"https:\/\/mdgroup.com.pl\/?page_id=10&lang=pl\" \/>\n<meta property=\"og:locale\" content=\"pl_PL\" \/>\n<meta property=\"og:type\" content=\"article\" \/>\n<meta property=\"og:title\" content=\"MD Group - profesjonalne pomoc i doradztwo \/ Kontakt\" \/>\n<meta property=\"og:description\" content=\"Masz pytania dotycz\u0105ce produkt\u00f3w lub naszych us\u0142ug? Fachowo doradzimy oraz udzielimy wszelkich niezb\u0119dnych informacji dotycz\u0105cych zakupu.\" \/>\n<meta property=\"og:url\" content=\"https:\/\/mdgroup.com.pl\/?page_id=10&amp;lang=pl\" \/>\n<meta property=\"og:site_name\" content=\"Md Group is business engaged in the sale and production of paving tools, sawblades, and many others.\" \/>\n<meta property=\"article:modified_time\" content=\"2017-02-19T16:43:38+00:00\" \/>\n<meta name=\"twitter:card\" content=\"summary_large_image\" \/>\n<script type=\"application\/ld+json\" class=\"yoast-schema-graph\">{\"@context\":\"https:\/\/schema.org\",\"@graph\":[{\"@type\":\"WebPage\",\"@id\":\"https:\/\/mdgroup.com.pl\/?page_id=10&lang=pl\",\"url\":\"https:\/\/mdgroup.com.pl\/?page_id=10&lang=pl\",\"name\":\"MD Group - profesjonalne pomoc i doradztwo \/ Kontakt\",\"isPartOf\":{\"@id\":\"https:\/\/mdgroup.com.pl\/#website\"},\"datePublished\":\"2017-01-17T18:01:38+00:00\",\"dateModified\":\"2017-02-19T16:43:38+00:00\",\"description\":\"Masz pytania dotycz\u0105ce produkt\u00f3w lub naszych us\u0142ug? Fachowo doradzimy oraz udzielimy wszelkich niezb\u0119dnych informacji dotycz\u0105cych zakupu.\",\"breadcrumb\":{\"@id\":\"https:\/\/mdgroup.com.pl\/?page_id=10&lang=pl#breadcrumb\"},\"inLanguage\":\"pl-PL\",\"potentialAction\":[{\"@type\":\"ReadAction\",\"target\":[\"https:\/\/mdgroup.com.pl\/?page_id=10&lang=pl\"]}]},{\"@type\":\"BreadcrumbList\",\"@id\":\"https:\/\/mdgroup.com.pl\/?page_id=10&lang=pl#breadcrumb\",\"itemListElement\":[{\"@type\":\"ListItem\",\"position\":1,\"name\":\"Strona g\u0142\u00f3wna\",\"item\":\"https:\/\/mdgroup.com.pl\/?lang=pl\"},{\"@type\":\"ListItem\",\"position\":2,\"name\":\"Kontakt\"}]},{\"@type\":\"WebSite\",\"@id\":\"https:\/\/mdgroup.com.pl\/#website\",\"url\":\"https:\/\/mdgroup.com.pl\/\",\"name\":\"Md Group is business engaged in the sale and production of paving tools, sawblades, and many others.\",\"description\":\"Md Group is business engaged in the sale and production of paving tools, saw blades, and many others.\",\"potentialAction\":[{\"@type\":\"SearchAction\",\"target\":{\"@type\":\"EntryPoint\",\"urlTemplate\":\"https:\/\/mdgroup.com.pl\/?s={search_term_string}\"},\"query-input\":{\"@type\":\"PropertyValueSpecification\",\"valueRequired\":true,\"valueName\":\"search_term_string\"}}],\"inLanguage\":\"pl-PL\"}]}<\/script>\n<!-- \/ Yoast SEO plugin. -->","yoast_head_json":{"title":"MD Group - profesjonalne pomoc i doradztwo \/ Kontakt","description":"Masz pytania dotycz\u0105ce produkt\u00f3w lub naszych us\u0142ug? Fachowo doradzimy oraz udzielimy wszelkich niezb\u0119dnych informacji dotycz\u0105cych zakupu.","robots":{"index":"index","follow":"follow","max-snippet":"max-snippet:-1","max-image-preview":"max-image-preview:large","max-video-preview":"max-video-preview:-1"},"canonical":"https:\/\/mdgroup.com.pl\/?page_id=10&lang=pl","og_locale":"pl_PL","og_type":"article","og_title":"MD Group - profesjonalne pomoc i doradztwo \/ Kontakt","og_description":"Masz pytania dotycz\u0105ce produkt\u00f3w lub naszych us\u0142ug? Fachowo doradzimy oraz udzielimy wszelkich niezb\u0119dnych informacji dotycz\u0105cych zakupu.","og_url":"https:\/\/mdgroup.com.pl\/?page_id=10&lang=pl","og_site_name":"Md Group is business engaged in the sale and production of paving tools, sawblades, and many others.","article_modified_time":"2017-02-19T16:43:38+00:00","twitter_card":"summary_large_image","schema":{"@context":"https:\/\/schema.org","@graph":[{"@type":"WebPage","@id":"https:\/\/mdgroup.com.pl\/?page_id=10&lang=pl","url":"https:\/\/mdgroup.com.pl\/?page_id=10&lang=pl","name":"MD Group - profesjonalne pomoc i doradztwo \/ Kontakt","isPartOf":{"@id":"https:\/\/mdgroup.com.pl\/#website"},"datePublished":"2017-01-17T18:01:38+00:00","dateModified":"2017-02-19T16:43:38+00:00","description":"Masz pytania dotycz\u0105ce produkt\u00f3w lub naszych us\u0142ug? Fachowo doradzimy oraz udzielimy wszelkich niezb\u0119dnych informacji dotycz\u0105cych zakupu.","breadcrumb":{"@id":"https:\/\/mdgroup.com.pl\/?page_id=10&lang=pl#breadcrumb"},"inLanguage":"pl-PL","potentialAction":[{"@type":"ReadAction","target":["https:\/\/mdgroup.com.pl\/?page_id=10&lang=pl"]}]},{"@type":"BreadcrumbList","@id":"https:\/\/mdgroup.com.pl\/?page_id=10&lang=pl#breadcrumb","itemListElement":[{"@type":"ListItem","position":1,"name":"Strona g\u0142\u00f3wna","item":"https:\/\/mdgroup.com.pl\/?lang=pl"},{"@type":"ListItem","position":2,"name":"Kontakt"}]},{"@type":"WebSite","@id":"https:\/\/mdgroup.com.pl\/#website","url":"https:\/\/mdgroup.com.pl\/","name":"Md Group is business engaged in the sale and production of paving tools, sawblades, and many others.","description":"Md Group is business engaged in the sale and production of paving tools, saw blades, and many others.","potentialAction":[{"@type":"SearchAction","target":{"@type":"EntryPoint","urlTemplate":"https:\/\/mdgroup.com.pl\/?s={search_term_string}"},"query-input":{"@type":"PropertyValueSpecification","valueRequired":true,"valueName":"search_term_string"}}],"inLanguage":"pl-PL"}]}},"_links":{"self":[{"href":"https:\/\/mdgroup.com.pl\/index.php?rest_route=\/wp\/v2\/pages\/10","targetHints":{"allow":["GET"]}}],"collection":[{"href":"https:\/\/mdgroup.com.pl\/index.php?rest_route=\/wp\/v2\/pages"}],"about":[{"href":"https:\/\/mdgroup.com.pl\/index.php?rest_route=\/wp\/v2\/types\/page"}],"author":[{"embeddable":true,"href":"https:\/\/mdgroup.com.pl\/index.php?rest_route=\/wp\/v2\/users\/1"}],"replies":[{"embeddable":true,"href":"https:\/\/mdgroup.com.pl\/index.php?rest_route=%2Fwp%2Fv2%2Fcomments&post=10"}],"version-history":[{"count":2,"href":"https:\/\/mdgroup.com.pl\/index.php?rest_route=\/wp\/v2\/pages\/10\/revisions"}],"predecessor-version":[{"id":113,"href":"https:\/\/mdgroup.com.pl\/index.php?rest_route=\/wp\/v2\/pages\/10\/revisions\/113"}],"wp:attachment":[{"href":"https:\/\/mdgroup.com.pl\/index.php?rest_route=%2Fwp%2Fv2%2Fmedia&parent=10"}],"curies":[{"name":"wp","href":"https:\/\/api.w.org\/{rel}","templated":true}]}}