{"id":7,"date":"2017-01-17T19:01:13","date_gmt":"2017-01-17T18:01:13","guid":{"rendered":"http:\/\/mdgroup.com.pl\/?page_id=7"},"modified":"2017-02-19T17:37:28","modified_gmt":"2017-02-19T16:37:28","slug":"o-nas","status":"publish","type":"page","link":"https:\/\/mdgroup.com.pl\/?page_id=7&lang=pl","title":{"rendered":"O firmie"},"content":{"rendered":"<h2 style=\"margin-bottom: 30px;\">MD Group<\/h2>\n<p>W naszej ofercie znajd\u0105 Pa\u0144stwo wyprodukowane w Polsce narz\u0119dzia brukarskie, wykonane w pe\u0142ni z materia\u0142\u00f3w pochodz\u0105cych z naszego kraju. Narz\u0119dzia cechuje wysoka jako\u015b\u0107 oraz staranno\u015b\u0107 wykonania.<\/p>\n<p>Na polskim rynku jeste\u015bmy aktywni ju\u017c\u00a0 od 10 lat, ciesz\u0105c si\u0119 wsp\u00f3\u0142prac\u0105 z wieloma uznanymi firmami budowlanymi oraz drogowymi w kraju. W ostatnich latach rozszerzyli\u015bmy dzia\u0142alno\u015b\u0107 za granic\u0105, nasze narz\u0119dzia ciesz\u0105 si\u0119 coraz wi\u0119kszym zainteresowaniem w wielu krajach, w Europie i poza ni\u0105.<\/p>\n<p>Specjalizujemy si\u0119 w tworzeniu narz\u0119dzi dostosowanych do potrzeb klienta oraz rynku. Realizujemy indywidualne zam\u00f3wienia. Prowadzimy doradztwo techniczne na wysokim poziomie. Zale\u017cy nam na budowaniu trwa\u0142ych relacji z naszymi dystrybutorami.<\/p>\n<p>Je\u015bli nasza ofert\u0119 Ci\u0119 zainteresowa\u0142a i masz jakie\u015b pytania to ch\u0119tnie na wszystkie odpowiemy.<\/p>\n<p>Zapraszamy do wsp\u00f3\u0142pracy firmy handlowe, odbiorc\u00f3w hurtowych, dystrybutor\u00f3w oraz firmy budowlane i drogowe.<\/p>\n","protected":false},"excerpt":{"rendered":"<p>MD Group W naszej ofercie znajd\u0105 Pa\u0144stwo wyprodukowane w Polsce narz\u0119dzia brukarskie, wykonane w pe\u0142ni z materia\u0142\u00f3w pochodz\u0105cych z naszego kraju. Narz\u0119dzia cechuje wysoka jako\u015b\u0107 oraz staranno\u015b\u0107 wykonania. Na polskim rynku jeste\u015bmy aktywni ju\u017c\u00a0 od 10 lat, ciesz\u0105c si\u0119 wsp\u00f3\u0142prac\u0105 z wieloma uznanymi firmami budowlanymi oraz drogowymi w kraju. W ostatnich latach rozszerzyli\u015bmy dzia\u0142alno\u015b\u0107 za [&hellip;]<\/p>\n","protected":false},"author":1,"featured_media":0,"parent":0,"menu_order":0,"comment_status":"closed","ping_status":"closed","template":"","meta":{"footnotes":""},"class_list":["post-7","page","type-page","status-publish","hentry"],"yoast_head":"<!-- This site is optimized with the Yoast SEO plugin v24.5 - https:\/\/yoast.com\/wordpress\/plugins\/seo\/ -->\n<title>MD Group - poznaj nasz\u0105 ofert\u0119 profesjonalnych narz\u0119dzi brukarskich<\/title>\n<meta name=\"description\" content=\"Jeste\u015bmy producentem oraz dystrybutorem profesjonalnych narz\u0119dzi brukarskich oraz budowlanych. Zobacz pe\u0142n\u0105 ofert\u0119 profesjonalnych chwytak\u00f3w brukarskich.\" \/>\n<meta name=\"robots\" content=\"index, follow, max-snippet:-1, max-image-preview:large, max-video-preview:-1\" \/>\n<link rel=\"canonical\" href=\"https:\/\/mdgroup.com.pl\/?page_id=7&lang=pl\" \/>\n<meta property=\"og:locale\" content=\"pl_PL\" \/>\n<meta property=\"og:type\" content=\"article\" \/>\n<meta property=\"og:title\" content=\"MD Group - poznaj nasz\u0105 ofert\u0119 profesjonalnych narz\u0119dzi brukarskich\" \/>\n<meta property=\"og:description\" content=\"Jeste\u015bmy producentem oraz dystrybutorem profesjonalnych narz\u0119dzi brukarskich oraz budowlanych. Zobacz pe\u0142n\u0105 ofert\u0119 profesjonalnych chwytak\u00f3w brukarskich.\" \/>\n<meta property=\"og:url\" content=\"https:\/\/mdgroup.com.pl\/?page_id=7&amp;lang=pl\" \/>\n<meta property=\"og:site_name\" content=\"Md Group is business engaged in the sale and production of paving tools, sawblades, and many others.\" \/>\n<meta property=\"article:modified_time\" content=\"2017-02-19T16:37:28+00:00\" \/>\n<meta name=\"twitter:card\" content=\"summary_large_image\" \/>\n<meta name=\"twitter:label1\" content=\"Szacowany czas czytania\" \/>\n\t<meta name=\"twitter:data1\" content=\"1 minuta\" \/>\n<script type=\"application\/ld+json\" class=\"yoast-schema-graph\">{\"@context\":\"https:\/\/schema.org\",\"@graph\":[{\"@type\":\"WebPage\",\"@id\":\"https:\/\/mdgroup.com.pl\/?page_id=7&lang=pl\",\"url\":\"https:\/\/mdgroup.com.pl\/?page_id=7&lang=pl\",\"name\":\"MD Group - poznaj nasz\u0105 ofert\u0119 profesjonalnych narz\u0119dzi brukarskich\",\"isPartOf\":{\"@id\":\"https:\/\/mdgroup.com.pl\/#website\"},\"datePublished\":\"2017-01-17T18:01:13+00:00\",\"dateModified\":\"2017-02-19T16:37:28+00:00\",\"description\":\"Jeste\u015bmy producentem oraz dystrybutorem profesjonalnych narz\u0119dzi brukarskich oraz budowlanych. Zobacz pe\u0142n\u0105 ofert\u0119 profesjonalnych chwytak\u00f3w brukarskich.\",\"breadcrumb\":{\"@id\":\"https:\/\/mdgroup.com.pl\/?page_id=7&lang=pl#breadcrumb\"},\"inLanguage\":\"pl-PL\",\"potentialAction\":[{\"@type\":\"ReadAction\",\"target\":[\"https:\/\/mdgroup.com.pl\/?page_id=7&lang=pl\"]}]},{\"@type\":\"BreadcrumbList\",\"@id\":\"https:\/\/mdgroup.com.pl\/?page_id=7&lang=pl#breadcrumb\",\"itemListElement\":[{\"@type\":\"ListItem\",\"position\":1,\"name\":\"Strona g\u0142\u00f3wna\",\"item\":\"https:\/\/mdgroup.com.pl\/?lang=pl\"},{\"@type\":\"ListItem\",\"position\":2,\"name\":\"O firmie\"}]},{\"@type\":\"WebSite\",\"@id\":\"https:\/\/mdgroup.com.pl\/#website\",\"url\":\"https:\/\/mdgroup.com.pl\/\",\"name\":\"Md Group is business engaged in the sale and production of paving tools, sawblades, and many others.\",\"description\":\"Md Group is business engaged in the sale and production of paving tools, saw blades, and many others.\",\"potentialAction\":[{\"@type\":\"SearchAction\",\"target\":{\"@type\":\"EntryPoint\",\"urlTemplate\":\"https:\/\/mdgroup.com.pl\/?s={search_term_string}\"},\"query-input\":{\"@type\":\"PropertyValueSpecification\",\"valueRequired\":true,\"valueName\":\"search_term_string\"}}],\"inLanguage\":\"pl-PL\"}]}<\/script>\n<!-- \/ Yoast SEO plugin. -->","yoast_head_json":{"title":"MD Group - poznaj nasz\u0105 ofert\u0119 profesjonalnych narz\u0119dzi brukarskich","description":"Jeste\u015bmy producentem oraz dystrybutorem profesjonalnych narz\u0119dzi brukarskich oraz budowlanych. Zobacz pe\u0142n\u0105 ofert\u0119 profesjonalnych chwytak\u00f3w brukarskich.","robots":{"index":"index","follow":"follow","max-snippet":"max-snippet:-1","max-image-preview":"max-image-preview:large","max-video-preview":"max-video-preview:-1"},"canonical":"https:\/\/mdgroup.com.pl\/?page_id=7&lang=pl","og_locale":"pl_PL","og_type":"article","og_title":"MD Group - poznaj nasz\u0105 ofert\u0119 profesjonalnych narz\u0119dzi brukarskich","og_description":"Jeste\u015bmy producentem oraz dystrybutorem profesjonalnych narz\u0119dzi brukarskich oraz budowlanych. Zobacz pe\u0142n\u0105 ofert\u0119 profesjonalnych chwytak\u00f3w brukarskich.","og_url":"https:\/\/mdgroup.com.pl\/?page_id=7&lang=pl","og_site_name":"Md Group is business engaged in the sale and production of paving tools, sawblades, and many others.","article_modified_time":"2017-02-19T16:37:28+00:00","twitter_card":"summary_large_image","twitter_misc":{"Szacowany czas czytania":"1 minuta"},"schema":{"@context":"https:\/\/schema.org","@graph":[{"@type":"WebPage","@id":"https:\/\/mdgroup.com.pl\/?page_id=7&lang=pl","url":"https:\/\/mdgroup.com.pl\/?page_id=7&lang=pl","name":"MD Group - poznaj nasz\u0105 ofert\u0119 profesjonalnych narz\u0119dzi brukarskich","isPartOf":{"@id":"https:\/\/mdgroup.com.pl\/#website"},"datePublished":"2017-01-17T18:01:13+00:00","dateModified":"2017-02-19T16:37:28+00:00","description":"Jeste\u015bmy producentem oraz dystrybutorem profesjonalnych narz\u0119dzi brukarskich oraz budowlanych. Zobacz pe\u0142n\u0105 ofert\u0119 profesjonalnych chwytak\u00f3w brukarskich.","breadcrumb":{"@id":"https:\/\/mdgroup.com.pl\/?page_id=7&lang=pl#breadcrumb"},"inLanguage":"pl-PL","potentialAction":[{"@type":"ReadAction","target":["https:\/\/mdgroup.com.pl\/?page_id=7&lang=pl"]}]},{"@type":"BreadcrumbList","@id":"https:\/\/mdgroup.com.pl\/?page_id=7&lang=pl#breadcrumb","itemListElement":[{"@type":"ListItem","position":1,"name":"Strona g\u0142\u00f3wna","item":"https:\/\/mdgroup.com.pl\/?lang=pl"},{"@type":"ListItem","position":2,"name":"O firmie"}]},{"@type":"WebSite","@id":"https:\/\/mdgroup.com.pl\/#website","url":"https:\/\/mdgroup.com.pl\/","name":"Md Group is business engaged in the sale and production of paving tools, sawblades, and many others.","description":"Md Group is business engaged in the sale and production of paving tools, saw blades, and many others.","potentialAction":[{"@type":"SearchAction","target":{"@type":"EntryPoint","urlTemplate":"https:\/\/mdgroup.com.pl\/?s={search_term_string}"},"query-input":{"@type":"PropertyValueSpecification","valueRequired":true,"valueName":"search_term_string"}}],"inLanguage":"pl-PL"}]}},"_links":{"self":[{"href":"https:\/\/mdgroup.com.pl\/index.php?rest_route=\/wp\/v2\/pages\/7","targetHints":{"allow":["GET"]}}],"collection":[{"href":"https:\/\/mdgroup.com.pl\/index.php?rest_route=\/wp\/v2\/pages"}],"about":[{"href":"https:\/\/mdgroup.com.pl\/index.php?rest_route=\/wp\/v2\/types\/page"}],"author":[{"embeddable":true,"href":"https:\/\/mdgroup.com.pl\/index.php?rest_route=\/wp\/v2\/users\/1"}],"replies":[{"embeddable":true,"href":"https:\/\/mdgroup.com.pl\/index.php?rest_route=%2Fwp%2Fv2%2Fcomments&post=7"}],"version-history":[{"count":11,"href":"https:\/\/mdgroup.com.pl\/index.php?rest_route=\/wp\/v2\/pages\/7\/revisions"}],"predecessor-version":[{"id":265,"href":"https:\/\/mdgroup.com.pl\/index.php?rest_route=\/wp\/v2\/pages\/7\/revisions\/265"}],"wp:attachment":[{"href":"https:\/\/mdgroup.com.pl\/index.php?rest_route=%2Fwp%2Fv2%2Fmedia&parent=7"}],"curies":[{"name":"wp","href":"https:\/\/api.w.org\/{rel}","templated":true}]}}